{"id":168397,"date":"2024-12-25T17:28:06","date_gmt":"2024-12-25T16:28:06","guid":{"rendered":"https:\/\/eisenacher-aufbruch.de\/wordpress\/?page_id=168397"},"modified":"2024-12-25T18:33:50","modified_gmt":"2024-12-25T17:33:50","slug":"event-location-eisenach","status":"publish","type":"page","link":"https:\/\/eisenacher-aufbruch.de\/wordpress\/event-location-eisenach\/","title":{"rendered":"Event Location Kulturwerkstatt EA in Eisenach"},"content":{"rendered":"\n<p>Die Kulturwerkstatt EA in Eisenach bietet den perfekten Raum f\u00fcr Seminare, Workshops, Treffen sowie Feste und Partys. Mit Platz f\u00fcr ca. 40 Personen bei Sitzpl\u00e4tzen und bis zu 60 Personen bei Steh-Events oder Bestuhlung, ist dieser Raum vielseitig einsetzbar.<\/p>\n\n\n\n<p>Nutzen Sie die gut ausgestattete K\u00fcche samt Geschirr, Gl\u00e4sern und einem professionellen Geschirrsp\u00fcler f\u00fcr Ihre Veranstaltung. Eine Rampe sorgt f\u00fcr barrierefreien Zugang, jedoch sind die R\u00e4ume insgesamt nicht barrierefrei.<\/p>\n\n\n\n<p>Gestalten Sie Ihr Event in Eisenach in der Kulturwerkstatt EA und machen Sie es unvergesslich!<\/p>\n\n\n\n<p>Die Raumnutzungsgeb\u00fchr richtet sich nach Nutzungsdauer, Wochentag, Anzahl der Besucher und Nutzung des Inventars (ab 30 EUR bis 150 EUR).<br \/><\/p>\n\n\n\n<p>Konkrete Informationen dazu geben wir gerne auf Anfrage unter <a href=\"mailto:eisenacher-aufbruch@web.de\">eisenacher-aufbruch@web.de<\/a>.<\/p>\n\n\n\n<figure class=\"wp-block-gallery has-nested-images columns-default is-cropped wp-block-gallery-1 is-layout-flex wp-block-gallery-is-layout-flex\">\n<figure class=\"wp-block-image size-large\"><a href=\"https:\/\/eisenacher-aufbruch.de\/wordpress\/wp-content\/uploads\/2023\/10\/DSC_2876.jpg\"><img loading=\"lazy\" decoding=\"async\" width=\"683\" height=\"1024\" data-id=\"168249\" src=\"https:\/\/eisenacher-aufbruch.de\/wordpress\/wp-content\/uploads\/2023\/10\/DSC_2876-683x1024.jpg\" alt=\"\" class=\"wp-image-168249\" srcset=\"https:\/\/eisenacher-aufbruch.de\/wordpress\/wp-content\/uploads\/2023\/10\/DSC_2876-683x1024.jpg 683w, https:\/\/eisenacher-aufbruch.de\/wordpress\/wp-content\/uploads\/2023\/10\/DSC_2876-200x300.jpg 200w, https:\/\/eisenacher-aufbruch.de\/wordpress\/wp-content\/uploads\/2023\/10\/DSC_2876-768x1152.jpg 768w, https:\/\/eisenacher-aufbruch.de\/wordpress\/wp-content\/uploads\/2023\/10\/DSC_2876-1024x1536.jpg 1024w, https:\/\/eisenacher-aufbruch.de\/wordpress\/wp-content\/uploads\/2023\/10\/DSC_2876.jpg 1365w\" sizes=\"auto, (max-width: 683px) 100vw, 683px\" \/><\/a><\/figure>\n\n\n\n<figure class=\"wp-block-image size-large\"><a href=\"https:\/\/eisenacher-aufbruch.de\/wordpress\/wp-content\/uploads\/2021\/07\/2020-Sommerfest-3-scaled.jpg\"><img loading=\"lazy\" decoding=\"async\" width=\"1024\" height=\"768\" data-id=\"66413\" src=\"https:\/\/eisenacher-aufbruch.de\/wordpress\/wp-content\/uploads\/2021\/07\/2020-Sommerfest-3-1024x768.jpg\" alt=\"\" class=\"wp-image-66413\" srcset=\"https:\/\/eisenacher-aufbruch.de\/wordpress\/wp-content\/uploads\/2021\/07\/2020-Sommerfest-3-1024x768.jpg 1024w, https:\/\/eisenacher-aufbruch.de\/wordpress\/wp-content\/uploads\/2021\/07\/2020-Sommerfest-3-300x225.jpg 300w, https:\/\/eisenacher-aufbruch.de\/wordpress\/wp-content\/uploads\/2021\/07\/2020-Sommerfest-3-768x576.jpg 768w, https:\/\/eisenacher-aufbruch.de\/wordpress\/wp-content\/uploads\/2021\/07\/2020-Sommerfest-3-1536x1152.jpg 1536w, https:\/\/eisenacher-aufbruch.de\/wordpress\/wp-content\/uploads\/2021\/07\/2020-Sommerfest-3-2048x1536.jpg 2048w, https:\/\/eisenacher-aufbruch.de\/wordpress\/wp-content\/uploads\/2021\/07\/2020-Sommerfest-3-400x300.jpg 400w\" sizes=\"auto, (max-width: 1024px) 100vw, 1024px\" \/><\/a><\/figure>\n\n\n\n<figure class=\"wp-block-image size-large\"><a href=\"https:\/\/eisenacher-aufbruch.de\/wordpress\/wp-content\/uploads\/2020\/09\/Party2.jpg\"><img loading=\"lazy\" decoding=\"async\" width=\"1024\" height=\"796\" data-id=\"10213\" src=\"https:\/\/eisenacher-aufbruch.de\/wordpress\/wp-content\/uploads\/2020\/09\/Party2-1024x796.jpg\" alt=\"\" class=\"wp-image-10213\" srcset=\"https:\/\/eisenacher-aufbruch.de\/wordpress\/wp-content\/uploads\/2020\/09\/Party2-1024x796.jpg 1024w, https:\/\/eisenacher-aufbruch.de\/wordpress\/wp-content\/uploads\/2020\/09\/Party2-300x233.jpg 300w, https:\/\/eisenacher-aufbruch.de\/wordpress\/wp-content\/uploads\/2020\/09\/Party2-768x597.jpg 768w, https:\/\/eisenacher-aufbruch.de\/wordpress\/wp-content\/uploads\/2020\/09\/Party2-386x300.jpg 386w, https:\/\/eisenacher-aufbruch.de\/wordpress\/wp-content\/uploads\/2020\/09\/Party2.jpg 1373w\" sizes=\"auto, (max-width: 1024px) 100vw, 1024px\" \/><\/a><\/figure>\n\n\n\n<figure class=\"wp-block-image size-large\"><a href=\"https:\/\/eisenacher-aufbruch.de\/wordpress\/wp-content\/uploads\/2020\/09\/RAum.jpg\"><img loading=\"lazy\" decoding=\"async\" width=\"1024\" height=\"768\" data-id=\"10211\" src=\"https:\/\/eisenacher-aufbruch.de\/wordpress\/wp-content\/uploads\/2020\/09\/RAum-1024x768.jpg\" alt=\"\" class=\"wp-image-10211\" srcset=\"https:\/\/eisenacher-aufbruch.de\/wordpress\/wp-content\/uploads\/2020\/09\/RAum-1024x768.jpg 1024w, https:\/\/eisenacher-aufbruch.de\/wordpress\/wp-content\/uploads\/2020\/09\/RAum-300x225.jpg 300w, https:\/\/eisenacher-aufbruch.de\/wordpress\/wp-content\/uploads\/2020\/09\/RAum-768x576.jpg 768w, https:\/\/eisenacher-aufbruch.de\/wordpress\/wp-content\/uploads\/2020\/09\/RAum-1536x1152.jpg 1536w, https:\/\/eisenacher-aufbruch.de\/wordpress\/wp-content\/uploads\/2020\/09\/RAum-400x300.jpg 400w\" sizes=\"auto, (max-width: 1024px) 100vw, 1024px\" \/><\/a><\/figure>\n\n\n\n<figure class=\"wp-block-image size-large\"><a href=\"https:\/\/eisenacher-aufbruch.de\/wordpress\/wp-content\/uploads\/2020\/09\/IMG_3447-scaled.jpg\"><img loading=\"lazy\" decoding=\"async\" width=\"1024\" height=\"683\" data-id=\"10210\" src=\"https:\/\/eisenacher-aufbruch.de\/wordpress\/wp-content\/uploads\/2020\/09\/IMG_3447-1024x683.jpg\" alt=\"\" class=\"wp-image-10210\" srcset=\"https:\/\/eisenacher-aufbruch.de\/wordpress\/wp-content\/uploads\/2020\/09\/IMG_3447-1024x683.jpg 1024w, https:\/\/eisenacher-aufbruch.de\/wordpress\/wp-content\/uploads\/2020\/09\/IMG_3447-300x200.jpg 300w, https:\/\/eisenacher-aufbruch.de\/wordpress\/wp-content\/uploads\/2020\/09\/IMG_3447-768x512.jpg 768w, https:\/\/eisenacher-aufbruch.de\/wordpress\/wp-content\/uploads\/2020\/09\/IMG_3447-1536x1024.jpg 1536w, https:\/\/eisenacher-aufbruch.de\/wordpress\/wp-content\/uploads\/2020\/09\/IMG_3447-2048x1365.jpg 2048w, https:\/\/eisenacher-aufbruch.de\/wordpress\/wp-content\/uploads\/2020\/09\/IMG_3447-450x300.jpg 450w\" sizes=\"auto, (max-width: 1024px) 100vw, 1024px\" \/><\/a><\/figure>\n\n\n\n<figure class=\"wp-block-image size-large\"><a href=\"https:\/\/eisenacher-aufbruch.de\/wordpress\/wp-content\/uploads\/2020\/09\/IMG_3441-scaled.jpg\"><img loading=\"lazy\" decoding=\"async\" width=\"1024\" height=\"683\" data-id=\"10209\" src=\"https:\/\/eisenacher-aufbruch.de\/wordpress\/wp-content\/uploads\/2020\/09\/IMG_3441-1024x683.jpg\" alt=\"\" class=\"wp-image-10209\" srcset=\"https:\/\/eisenacher-aufbruch.de\/wordpress\/wp-content\/uploads\/2020\/09\/IMG_3441-1024x683.jpg 1024w, https:\/\/eisenacher-aufbruch.de\/wordpress\/wp-content\/uploads\/2020\/09\/IMG_3441-300x200.jpg 300w, https:\/\/eisenacher-aufbruch.de\/wordpress\/wp-content\/uploads\/2020\/09\/IMG_3441-768x512.jpg 768w, https:\/\/eisenacher-aufbruch.de\/wordpress\/wp-content\/uploads\/2020\/09\/IMG_3441-1536x1024.jpg 1536w, https:\/\/eisenacher-aufbruch.de\/wordpress\/wp-content\/uploads\/2020\/09\/IMG_3441-2048x1365.jpg 2048w, https:\/\/eisenacher-aufbruch.de\/wordpress\/wp-content\/uploads\/2020\/09\/IMG_3441-450x300.jpg 450w\" sizes=\"auto, (max-width: 1024px) 100vw, 1024px\" \/><\/a><\/figure>\n\n\n\n<figure class=\"wp-block-image size-large\"><a href=\"https:\/\/eisenacher-aufbruch.de\/wordpress\/wp-content\/uploads\/2020\/09\/IMG_3410-scaled.jpg\"><img loading=\"lazy\" decoding=\"async\" width=\"683\" height=\"1024\" data-id=\"10208\" src=\"https:\/\/eisenacher-aufbruch.de\/wordpress\/wp-content\/uploads\/2020\/09\/IMG_3410-683x1024.jpg\" alt=\"\" class=\"wp-image-10208\" srcset=\"https:\/\/eisenacher-aufbruch.de\/wordpress\/wp-content\/uploads\/2020\/09\/IMG_3410-683x1024.jpg 683w, https:\/\/eisenacher-aufbruch.de\/wordpress\/wp-content\/uploads\/2020\/09\/IMG_3410-200x300.jpg 200w, https:\/\/eisenacher-aufbruch.de\/wordpress\/wp-content\/uploads\/2020\/09\/IMG_3410-768x1152.jpg 768w, https:\/\/eisenacher-aufbruch.de\/wordpress\/wp-content\/uploads\/2020\/09\/IMG_3410-1024x1536.jpg 1024w, https:\/\/eisenacher-aufbruch.de\/wordpress\/wp-content\/uploads\/2020\/09\/IMG_3410-1365x2048.jpg 1365w, https:\/\/eisenacher-aufbruch.de\/wordpress\/wp-content\/uploads\/2020\/09\/IMG_3410-scaled.jpg 1707w\" sizes=\"auto, (max-width: 683px) 100vw, 683px\" \/><\/a><\/figure>\n\n\n\n<figure class=\"wp-block-image size-large\"><a href=\"https:\/\/eisenacher-aufbruch.de\/wordpress\/wp-content\/uploads\/2020\/09\/IMG_3389-scaled.jpg\"><img loading=\"lazy\" decoding=\"async\" width=\"1024\" height=\"683\" data-id=\"10207\" src=\"https:\/\/eisenacher-aufbruch.de\/wordpress\/wp-content\/uploads\/2020\/09\/IMG_3389-1024x683.jpg\" alt=\"\" class=\"wp-image-10207\" srcset=\"https:\/\/eisenacher-aufbruch.de\/wordpress\/wp-content\/uploads\/2020\/09\/IMG_3389-1024x683.jpg 1024w, https:\/\/eisenacher-aufbruch.de\/wordpress\/wp-content\/uploads\/2020\/09\/IMG_3389-300x200.jpg 300w, https:\/\/eisenacher-aufbruch.de\/wordpress\/wp-content\/uploads\/2020\/09\/IMG_3389-768x512.jpg 768w, https:\/\/eisenacher-aufbruch.de\/wordpress\/wp-content\/uploads\/2020\/09\/IMG_3389-1536x1024.jpg 1536w, https:\/\/eisenacher-aufbruch.de\/wordpress\/wp-content\/uploads\/2020\/09\/IMG_3389-2048x1365.jpg 2048w, https:\/\/eisenacher-aufbruch.de\/wordpress\/wp-content\/uploads\/2020\/09\/IMG_3389-450x300.jpg 450w\" sizes=\"auto, (max-width: 1024px) 100vw, 1024px\" \/><\/a><\/figure>\n\n\n\n<figure class=\"wp-block-image size-large\"><a href=\"https:\/\/eisenacher-aufbruch.de\/wordpress\/wp-content\/uploads\/2020\/09\/IMG_3367-scaled.jpg\"><img loading=\"lazy\" decoding=\"async\" width=\"1024\" height=\"683\" data-id=\"10206\" src=\"https:\/\/eisenacher-aufbruch.de\/wordpress\/wp-content\/uploads\/2020\/09\/IMG_3367-1024x683.jpg\" alt=\"\" class=\"wp-image-10206\" srcset=\"https:\/\/eisenacher-aufbruch.de\/wordpress\/wp-content\/uploads\/2020\/09\/IMG_3367-1024x683.jpg 1024w, https:\/\/eisenacher-aufbruch.de\/wordpress\/wp-content\/uploads\/2020\/09\/IMG_3367-300x200.jpg 300w, https:\/\/eisenacher-aufbruch.de\/wordpress\/wp-content\/uploads\/2020\/09\/IMG_3367-768x512.jpg 768w, https:\/\/eisenacher-aufbruch.de\/wordpress\/wp-content\/uploads\/2020\/09\/IMG_3367-1536x1024.jpg 1536w, https:\/\/eisenacher-aufbruch.de\/wordpress\/wp-content\/uploads\/2020\/09\/IMG_3367-2048x1365.jpg 2048w, https:\/\/eisenacher-aufbruch.de\/wordpress\/wp-content\/uploads\/2020\/09\/IMG_3367-450x300.jpg 450w\" sizes=\"auto, (max-width: 1024px) 100vw, 1024px\" \/><\/a><\/figure>\n<\/figure>\n","protected":false},"excerpt":{"rendered":"<p>Die Kulturwerkstatt EA in Eisenach bietet den perfekten Raum f\u00fcr Seminare, Workshops, Treffen sowie Feste und Partys. Mit Platz f\u00fcr ca. 40 Personen bei Sitzpl\u00e4tzen und bis zu 60 Personen bei Steh-Events oder Bestuhlung, ist dieser Raum vielseitig einsetzbar. Nutzen &hellip; <a class=\"more-link\" href=\"https:\/\/eisenacher-aufbruch.de\/wordpress\/event-location-eisenach\/\">Weiterlesen <span class=\"meta-nav\">&rarr;<\/span><\/a><\/p>\n","protected":false},"author":2,"featured_media":0,"parent":0,"menu_order":0,"comment_status":"closed","ping_status":"closed","template":"","meta":{"footnotes":""},"class_list":["post-168397","page","type-page","status-publish","hentry"],"_links":{"self":[{"href":"https:\/\/eisenacher-aufbruch.de\/wordpress\/wp-json\/wp\/v2\/pages\/168397","targetHints":{"allow":["GET"]}}],"collection":[{"href":"https:\/\/eisenacher-aufbruch.de\/wordpress\/wp-json\/wp\/v2\/pages"}],"about":[{"href":"https:\/\/eisenacher-aufbruch.de\/wordpress\/wp-json\/wp\/v2\/types\/page"}],"author":[{"embeddable":true,"href":"https:\/\/eisenacher-aufbruch.de\/wordpress\/wp-json\/wp\/v2\/users\/2"}],"replies":[{"embeddable":true,"href":"https:\/\/eisenacher-aufbruch.de\/wordpress\/wp-json\/wp\/v2\/comments?post=168397"}],"version-history":[{"count":5,"href":"https:\/\/eisenacher-aufbruch.de\/wordpress\/wp-json\/wp\/v2\/pages\/168397\/revisions"}],"predecessor-version":[{"id":168405,"href":"https:\/\/eisenacher-aufbruch.de\/wordpress\/wp-json\/wp\/v2\/pages\/168397\/revisions\/168405"}],"wp:attachment":[{"href":"https:\/\/eisenacher-aufbruch.de\/wordpress\/wp-json\/wp\/v2\/media?parent=168397"}],"curies":[{"name":"wp","href":"https:\/\/api.w.org\/{rel}","templated":true}]}}