{"id":60,"date":"2014-03-28T22:20:41","date_gmt":"2014-03-28T22:20:41","guid":{"rendered":"http:\/\/eisenacher-aufbruch.de\/wordpress\/?page_id=60"},"modified":"2020-03-21T15:51:04","modified_gmt":"2020-03-21T15:51:04","slug":"ueber-uns","status":"publish","type":"page","link":"https:\/\/eisenacher-aufbruch.de\/wordpress\/ueber-uns\/","title":{"rendered":"\u00dcber uns"},"content":{"rendered":"<p><a href=\"https:\/\/eisenacher-aufbruch.de\/wordpress\/?attachment_id=1507\" rel=\"attachment wp-att-1507\"><img loading=\"lazy\" decoding=\"async\" class=\"alignnone wp-image-1507 size-full\" src=\"https:\/\/eisenacher-aufbruch.de\/wordpress\/wp-content\/uploads\/2020\/03\/2020-03-21-16_48_41-Wahlzeitung-8S.pdf-Adobe-Acrobat-Reader-DC.png\" alt=\"\" width=\"1322\" height=\"697\" srcset=\"https:\/\/eisenacher-aufbruch.de\/wordpress\/wp-content\/uploads\/2020\/03\/2020-03-21-16_48_41-Wahlzeitung-8S.pdf-Adobe-Acrobat-Reader-DC.png 1322w, https:\/\/eisenacher-aufbruch.de\/wordpress\/wp-content\/uploads\/2020\/03\/2020-03-21-16_48_41-Wahlzeitung-8S.pdf-Adobe-Acrobat-Reader-DC-300x158.png 300w, https:\/\/eisenacher-aufbruch.de\/wordpress\/wp-content\/uploads\/2020\/03\/2020-03-21-16_48_41-Wahlzeitung-8S.pdf-Adobe-Acrobat-Reader-DC-1024x540.png 1024w, https:\/\/eisenacher-aufbruch.de\/wordpress\/wp-content\/uploads\/2020\/03\/2020-03-21-16_48_41-Wahlzeitung-8S.pdf-Adobe-Acrobat-Reader-DC-768x405.png 768w, https:\/\/eisenacher-aufbruch.de\/wordpress\/wp-content\/uploads\/2020\/03\/2020-03-21-16_48_41-Wahlzeitung-8S.pdf-Adobe-Acrobat-Reader-DC-500x264.png 500w\" sizes=\"auto, (max-width: 1322px) 100vw, 1322px\" \/><\/a><\/p>\n<p>Der Eisenacher Aufbruch (EA) ist ein \u00fcberparteiliches Kommunalwahlb\u00fcndnis, das sich im Oktober 2003 gegr\u00fcndet hat, um im Juni 2004 erstmals erfolgreich zur Kommunalwahl in Eisenach angetreten ist.<\/p>\n<p><span style=\"color: #ff9900;\"><strong>&#8230; und das sind seine Grunds\u00e4tze:<!--more--><\/strong><\/span><\/p>\n<ul>\n<li><em>Der Eisenacher Aufbruch (EA) ist eine Bewegung f\u00fcr ein lebens- und liebenswertes Eisenach.<\/em><\/li>\n<li><em>EA ist ein Personenb\u00fcndnis von Menschen, die sich durch die etablierten Kr\u00e4fte im Rathaus und Stadtrat nicht vertreten f\u00fchlen.<\/em><\/li>\n<li><em>EA ist den Alltagsproblemen der einfachen Menschen verpflichtet und will ihr Sprachrohr im Stadtrat sein.<\/em><\/li>\n<li><em>EA macht den Menschen Mut und hilft ihnen, f\u00fcr ihre Interessen selbst aktiv zu werden.<\/em><\/li>\n<li><em>EA ist \u00fcberparteilich. In unserem Wahlb\u00fcndnis k\u00f6nnen Menschen unterschiedlicher Weltanschauung, parteilose und parteigebundene, gleichberechtigt zusammenarbeiten.<\/em><\/li>\n<li><em>EA tritt f\u00fcr die Gleichberechtigung und ein solidarisches Zusammenleben aller Menschen in Eisenach ein, ungeachtet ihrer Herkunft.<\/em><\/li>\n<li><em>EA arbeitet auf antifaschistischer Grundlage. Faschisten, nationalistische und religi\u00f6se Fanatiker k\u00f6nnen nicht Mitglied werden.<\/em><\/li>\n<li><em>EA f\u00f6rdert und verwirklicht eine sachliche, demokratische und solidarische Streitkultur.<\/em><\/li>\n<li><em>EA ist finanziell unabh\u00e4ngig und finanziert seine Arbeit durch Mitgliedsbeitr\u00e4ge, Spenden und eigene Aktivit\u00e4ten.<\/em><\/li>\n<\/ul>\n<p><span style=\"color: #ff9900;\"><strong><a href=\"https:\/\/eisenacher-aufbruch.de\/wordpress\/wp-content\/uploads\/2014\/03\/Satzung-des-Wahlb\u00fcndnisses-EA.pdf\"><span style=\"color: #ff9900;\">Satzung des Wahlb\u00fcndnisses EA<\/span><\/a><\/strong><\/span><\/p>\n<p><strong>Impressum<\/strong><br \/>\n<span style=\"text-decoration: underline;\">Sprecherin des Vorstandes:<\/span> Hanna Hofmann &#8211; Telefon: 0172-5262673<br \/>\n<span style=\"text-decoration: underline;\">Mail-Adresse:<\/span> <a href=\"mailto:eisenacher-aufbruch@web.de\">eisenacher-aufbruch@web.de oder<\/a> vorstand@eisenacher-aufbruch.de<br \/>\n<span style=\"text-decoration: underline;\">B\u00fcro des Eisenacher Aufbruchs:<\/span> Katharinenstrasse 42, 99817 Eisenach<\/p>\n<p>&nbsp;<\/p>\n","protected":false},"excerpt":{"rendered":"<p>Der Eisenacher Aufbruch (EA) ist ein \u00fcberparteiliches Kommunalwahlb\u00fcndnis, das sich im Oktober 2003 gegr\u00fcndet hat, um im Juni 2004 erstmals erfolgreich zur Kommunalwahl in Eisenach angetreten ist. &#8230; und das sind seine Grunds\u00e4tze: &hellip; <a class=\"more-link\" href=\"https:\/\/eisenacher-aufbruch.de\/wordpress\/ueber-uns\/\">Weiterlesen <span class=\"meta-nav\">&rarr;<\/span><\/a><\/p>\n","protected":false},"author":1,"featured_media":0,"parent":0,"menu_order":0,"comment_status":"open","ping_status":"closed","template":"","meta":{"footnotes":""},"class_list":["post-60","page","type-page","status-publish","hentry"],"_links":{"self":[{"href":"https:\/\/eisenacher-aufbruch.de\/wordpress\/wp-json\/wp\/v2\/pages\/60","targetHints":{"allow":["GET"]}}],"collection":[{"href":"https:\/\/eisenacher-aufbruch.de\/wordpress\/wp-json\/wp\/v2\/pages"}],"about":[{"href":"https:\/\/eisenacher-aufbruch.de\/wordpress\/wp-json\/wp\/v2\/types\/page"}],"author":[{"embeddable":true,"href":"https:\/\/eisenacher-aufbruch.de\/wordpress\/wp-json\/wp\/v2\/users\/1"}],"replies":[{"embeddable":true,"href":"https:\/\/eisenacher-aufbruch.de\/wordpress\/wp-json\/wp\/v2\/comments?post=60"}],"version-history":[{"count":15,"href":"https:\/\/eisenacher-aufbruch.de\/wordpress\/wp-json\/wp\/v2\/pages\/60\/revisions"}],"predecessor-version":[{"id":1508,"href":"https:\/\/eisenacher-aufbruch.de\/wordpress\/wp-json\/wp\/v2\/pages\/60\/revisions\/1508"}],"wp:attachment":[{"href":"https:\/\/eisenacher-aufbruch.de\/wordpress\/wp-json\/wp\/v2\/media?parent=60"}],"curies":[{"name":"wp","href":"https:\/\/api.w.org\/{rel}","templated":true}]}}